{"id":2643,"date":"2025-09-30T08:36:33","date_gmt":"2025-09-30T08:36:33","guid":{"rendered":"https:\/\/mobyx.rs\/?post_type=product&#038;p=2643"},"modified":"2026-05-16T20:51:14","modified_gmt":"2026-05-16T20:51:14","slug":"redmi-a5-plocica-punjenja","status":"publish","type":"product","link":"https:\/\/mobyx.rs\/?product=redmi-a5-plocica-punjenja","title":{"rendered":"Redmi A5 Plocica Punjenja"},"content":{"rendered":"<p>Zamenska plo\u010dica punjenja odli\u010dnog kvaliteta.<\/p>\n<p>Fotografija je ilustrativnog karaktera, proizvod u\u017eivo mo\u017ee odstupati od fotografije.<\/p>\n","protected":false},"excerpt":{"rendered":"<p>Zamenska plo\u010dica punjenja odli\u010dnog kvaliteta. Fotografija je ilustrativnog karaktera, proizvod u\u017eivo mo\u017ee odstupati od fotografije.<\/p>\n","protected":false},"featured_media":10733,"template":"","meta":[],"location":[],"product_brand":[],"product_cat":[26],"product_tag":[],"class_list":{"0":"post-2643","1":"product","2":"type-product","3":"status-publish","4":"has-post-thumbnail","6":"product_cat-plocice","8":"first","9":"instock","10":"taxable","11":"shipping-taxable","12":"purchasable","13":"product-type-simple"},"locations":[],"_links":{"self":[{"href":"https:\/\/mobyx.rs\/index.php?rest_route=\/wp\/v2\/product\/2643","targetHints":{"allow":["GET"]}}],"collection":[{"href":"https:\/\/mobyx.rs\/index.php?rest_route=\/wp\/v2\/product"}],"about":[{"href":"https:\/\/mobyx.rs\/index.php?rest_route=\/wp\/v2\/types\/product"}],"wp:featuredmedia":[{"embeddable":true,"href":"https:\/\/mobyx.rs\/index.php?rest_route=\/wp\/v2\/media\/10733"}],"wp:attachment":[{"href":"https:\/\/mobyx.rs\/index.php?rest_route=%2Fwp%2Fv2%2Fmedia&parent=2643"}],"wp:term":[{"taxonomy":"location","embeddable":true,"href":"https:\/\/mobyx.rs\/index.php?rest_route=%2Fwp%2Fv2%2Flocation&post=2643"},{"taxonomy":"product_brand","embeddable":true,"href":"https:\/\/mobyx.rs\/index.php?rest_route=%2Fwp%2Fv2%2Fproduct_brand&post=2643"},{"taxonomy":"product_cat","embeddable":true,"href":"https:\/\/mobyx.rs\/index.php?rest_route=%2Fwp%2Fv2%2Fproduct_cat&post=2643"},{"taxonomy":"product_tag","embeddable":true,"href":"https:\/\/mobyx.rs\/index.php?rest_route=%2Fwp%2Fv2%2Fproduct_tag&post=2643"}],"curies":[{"name":"wp","href":"https:\/\/api.w.org\/{rel}","templated":true}]}}