{"id":2520,"date":"2025-09-30T08:35:41","date_gmt":"2025-09-30T08:35:41","guid":{"rendered":"https:\/\/mobyx.rs\/?post_type=product&#038;p=2520"},"modified":"2026-05-17T09:51:04","modified_gmt":"2026-05-17T09:51:04","slug":"flet-kabal-za-samsung-a54-main-flex-cho","status":"publish","type":"product","link":"https:\/\/mobyx.rs\/?product=flet-kabal-za-samsung-a54-main-flex-cho","title":{"rendered":"Flet kabal za Samsung A54 Main Flex CHO"},"content":{"rendered":"<p>Zamenski flet kabal odli\u010dnog kvaliteta.<\/p>\n<p>&nbsp;<\/p>\n<p>Fotografija je ilustrativnog karaktera, proizvod u\u017eivo mo\u017ee odstupati od fotografije.<\/p>\n","protected":false},"excerpt":{"rendered":"<p>Zamenski flet kabal odli\u010dnog kvaliteta. &nbsp; Fotografija je ilustrativnog karaktera, proizvod u\u017eivo mo\u017ee odstupati od fotografije.<\/p>\n","protected":false},"featured_media":11898,"template":"","meta":[],"location":[],"product_brand":[],"product_cat":[27],"product_tag":[],"class_list":{"0":"post-2520","1":"product","2":"type-product","3":"status-publish","4":"has-post-thumbnail","6":"product_cat-fletovi","8":"first","9":"instock","10":"taxable","11":"shipping-taxable","12":"purchasable","13":"product-type-simple"},"locations":[],"_links":{"self":[{"href":"https:\/\/mobyx.rs\/index.php?rest_route=\/wp\/v2\/product\/2520","targetHints":{"allow":["GET"]}}],"collection":[{"href":"https:\/\/mobyx.rs\/index.php?rest_route=\/wp\/v2\/product"}],"about":[{"href":"https:\/\/mobyx.rs\/index.php?rest_route=\/wp\/v2\/types\/product"}],"wp:featuredmedia":[{"embeddable":true,"href":"https:\/\/mobyx.rs\/index.php?rest_route=\/wp\/v2\/media\/11898"}],"wp:attachment":[{"href":"https:\/\/mobyx.rs\/index.php?rest_route=%2Fwp%2Fv2%2Fmedia&parent=2520"}],"wp:term":[{"taxonomy":"location","embeddable":true,"href":"https:\/\/mobyx.rs\/index.php?rest_route=%2Fwp%2Fv2%2Flocation&post=2520"},{"taxonomy":"product_brand","embeddable":true,"href":"https:\/\/mobyx.rs\/index.php?rest_route=%2Fwp%2Fv2%2Fproduct_brand&post=2520"},{"taxonomy":"product_cat","embeddable":true,"href":"https:\/\/mobyx.rs\/index.php?rest_route=%2Fwp%2Fv2%2Fproduct_cat&post=2520"},{"taxonomy":"product_tag","embeddable":true,"href":"https:\/\/mobyx.rs\/index.php?rest_route=%2Fwp%2Fv2%2Fproduct_tag&post=2520"}],"curies":[{"name":"wp","href":"https:\/\/api.w.org\/{rel}","templated":true}]}}