{"id":2424,"date":"2025-09-30T08:34:53","date_gmt":"2025-09-30T08:34:53","guid":{"rendered":"https:\/\/mobyx.rs\/?post_type=product&#038;p=2424"},"modified":"2026-05-14T18:31:11","modified_gmt":"2026-05-14T18:31:11","slug":"staklo-kamere-iphone-14-pro-max","status":"publish","type":"product","link":"https:\/\/mobyx.rs\/?product=staklo-kamere-iphone-14-pro-max","title":{"rendered":"Staklo kamere Iphone 14 pro max"},"content":{"rendered":"<p>Zamensko staklo kamere odli\u010dnog kvaliteta.<\/p>\n<p>&nbsp;<\/p>\n<p>Fotografija je ilustrativnog karaktera, proizvod u\u017eivo mo\u017ee odstupati od fotografije.<\/p>\n","protected":false},"excerpt":{"rendered":"<p>Zamensko staklo kamere odli\u010dnog kvaliteta. &nbsp; Fotografija je ilustrativnog karaktera, proizvod u\u017eivo mo\u017ee odstupati od fotografije.<\/p>\n","protected":false},"featured_media":12514,"template":"","meta":[],"location":[],"product_brand":[],"product_cat":[25],"product_tag":[],"class_list":{"0":"post-2424","1":"product","2":"type-product","3":"status-publish","4":"has-post-thumbnail","6":"product_cat-poklopci-i-stakla-kamere","8":"first","9":"instock","10":"taxable","11":"shipping-taxable","12":"purchasable","13":"product-type-simple"},"locations":[],"_links":{"self":[{"href":"https:\/\/mobyx.rs\/index.php?rest_route=\/wp\/v2\/product\/2424","targetHints":{"allow":["GET"]}}],"collection":[{"href":"https:\/\/mobyx.rs\/index.php?rest_route=\/wp\/v2\/product"}],"about":[{"href":"https:\/\/mobyx.rs\/index.php?rest_route=\/wp\/v2\/types\/product"}],"wp:featuredmedia":[{"embeddable":true,"href":"https:\/\/mobyx.rs\/index.php?rest_route=\/wp\/v2\/media\/12514"}],"wp:attachment":[{"href":"https:\/\/mobyx.rs\/index.php?rest_route=%2Fwp%2Fv2%2Fmedia&parent=2424"}],"wp:term":[{"taxonomy":"location","embeddable":true,"href":"https:\/\/mobyx.rs\/index.php?rest_route=%2Fwp%2Fv2%2Flocation&post=2424"},{"taxonomy":"product_brand","embeddable":true,"href":"https:\/\/mobyx.rs\/index.php?rest_route=%2Fwp%2Fv2%2Fproduct_brand&post=2424"},{"taxonomy":"product_cat","embeddable":true,"href":"https:\/\/mobyx.rs\/index.php?rest_route=%2Fwp%2Fv2%2Fproduct_cat&post=2424"},{"taxonomy":"product_tag","embeddable":true,"href":"https:\/\/mobyx.rs\/index.php?rest_route=%2Fwp%2Fv2%2Fproduct_tag&post=2424"}],"curies":[{"name":"wp","href":"https:\/\/api.w.org\/{rel}","templated":true}]}}