{"id":1900,"date":"2025-09-30T08:31:23","date_gmt":"2025-09-30T08:31:23","guid":{"rendered":"https:\/\/mobyx.rs\/?post_type=product&#038;p=1900"},"modified":"2026-05-16T09:30:49","modified_gmt":"2026-05-16T09:30:49","slug":"xiaomi-mi-11t-11t-pro-plocica-punjenja","status":"publish","type":"product","link":"https:\/\/mobyx.rs\/?product=xiaomi-mi-11t-11t-pro-plocica-punjenja","title":{"rendered":"XIAOMI MI 11T\/11T Pro Plocica Punjenja"},"content":{"rendered":"<p>Zamenska plo\u010dica punjenja odli\u010dnog kvaliteta.<\/p>\n<p>Fotografija je ilustrativnog karaktera, proizvod u\u017eivo mo\u017ee odstupati od fotografije.<\/p>\n","protected":false},"excerpt":{"rendered":"<p>Zamenska plo\u010dica punjenja odli\u010dnog kvaliteta. Fotografija je ilustrativnog karaktera, proizvod u\u017eivo mo\u017ee odstupati od fotografije.<\/p>\n","protected":false},"featured_media":10785,"template":"","meta":[],"location":[],"product_brand":[],"product_cat":[26],"product_tag":[],"class_list":{"0":"post-1900","1":"product","2":"type-product","3":"status-publish","4":"has-post-thumbnail","6":"product_cat-plocice","8":"first","9":"instock","10":"taxable","11":"shipping-taxable","12":"purchasable","13":"product-type-simple"},"locations":[],"_links":{"self":[{"href":"https:\/\/mobyx.rs\/index.php?rest_route=\/wp\/v2\/product\/1900","targetHints":{"allow":["GET"]}}],"collection":[{"href":"https:\/\/mobyx.rs\/index.php?rest_route=\/wp\/v2\/product"}],"about":[{"href":"https:\/\/mobyx.rs\/index.php?rest_route=\/wp\/v2\/types\/product"}],"wp:featuredmedia":[{"embeddable":true,"href":"https:\/\/mobyx.rs\/index.php?rest_route=\/wp\/v2\/media\/10785"}],"wp:attachment":[{"href":"https:\/\/mobyx.rs\/index.php?rest_route=%2Fwp%2Fv2%2Fmedia&parent=1900"}],"wp:term":[{"taxonomy":"location","embeddable":true,"href":"https:\/\/mobyx.rs\/index.php?rest_route=%2Fwp%2Fv2%2Flocation&post=1900"},{"taxonomy":"product_brand","embeddable":true,"href":"https:\/\/mobyx.rs\/index.php?rest_route=%2Fwp%2Fv2%2Fproduct_brand&post=1900"},{"taxonomy":"product_cat","embeddable":true,"href":"https:\/\/mobyx.rs\/index.php?rest_route=%2Fwp%2Fv2%2Fproduct_cat&post=1900"},{"taxonomy":"product_tag","embeddable":true,"href":"https:\/\/mobyx.rs\/index.php?rest_route=%2Fwp%2Fv2%2Fproduct_tag&post=1900"}],"curies":[{"name":"wp","href":"https:\/\/api.w.org\/{rel}","templated":true}]}}