{"id":1612,"date":"2025-09-30T08:29:26","date_gmt":"2025-09-30T08:29:26","guid":{"rendered":"https:\/\/mobyx.rs\/?post_type=product&#038;p=1612"},"modified":"2026-05-15T09:20:49","modified_gmt":"2026-05-15T09:20:49","slug":"samsung-a05-a055f-plocica-punjenja","status":"publish","type":"product","link":"https:\/\/mobyx.rs\/?product=samsung-a05-a055f-plocica-punjenja","title":{"rendered":"Samsung A05 (A055F) Plocica Punjenja"},"content":{"rendered":"<p>Zamenska plo\u010dica punjenja odli\u010dnog kvaliteta.<\/p>\n<p>&nbsp;<\/p>\n<p>Fotografija je ilustrativnog karaktera, proizvod u\u017eivo mo\u017ee odstupati od fotografije.<\/p>\n","protected":false},"excerpt":{"rendered":"<p>Zamenska plo\u010dica punjenja odli\u010dnog kvaliteta. &nbsp; Fotografija je ilustrativnog karaktera, proizvod u\u017eivo mo\u017ee odstupati od fotografije.<\/p>\n","protected":false},"featured_media":11061,"template":"","meta":[],"location":[],"product_brand":[],"product_cat":[26],"product_tag":[],"class_list":{"0":"post-1612","1":"product","2":"type-product","3":"status-publish","4":"has-post-thumbnail","6":"product_cat-plocice","8":"first","9":"instock","10":"taxable","11":"shipping-taxable","12":"purchasable","13":"product-type-simple"},"locations":[],"_links":{"self":[{"href":"https:\/\/mobyx.rs\/index.php?rest_route=\/wp\/v2\/product\/1612","targetHints":{"allow":["GET"]}}],"collection":[{"href":"https:\/\/mobyx.rs\/index.php?rest_route=\/wp\/v2\/product"}],"about":[{"href":"https:\/\/mobyx.rs\/index.php?rest_route=\/wp\/v2\/types\/product"}],"wp:featuredmedia":[{"embeddable":true,"href":"https:\/\/mobyx.rs\/index.php?rest_route=\/wp\/v2\/media\/11061"}],"wp:attachment":[{"href":"https:\/\/mobyx.rs\/index.php?rest_route=%2Fwp%2Fv2%2Fmedia&parent=1612"}],"wp:term":[{"taxonomy":"location","embeddable":true,"href":"https:\/\/mobyx.rs\/index.php?rest_route=%2Fwp%2Fv2%2Flocation&post=1612"},{"taxonomy":"product_brand","embeddable":true,"href":"https:\/\/mobyx.rs\/index.php?rest_route=%2Fwp%2Fv2%2Fproduct_brand&post=1612"},{"taxonomy":"product_cat","embeddable":true,"href":"https:\/\/mobyx.rs\/index.php?rest_route=%2Fwp%2Fv2%2Fproduct_cat&post=1612"},{"taxonomy":"product_tag","embeddable":true,"href":"https:\/\/mobyx.rs\/index.php?rest_route=%2Fwp%2Fv2%2Fproduct_tag&post=1612"}],"curies":[{"name":"wp","href":"https:\/\/api.w.org\/{rel}","templated":true}]}}