{"id":17,"date":"2025-09-06T11:11:27","date_gmt":"2025-09-06T11:11:27","guid":{"rendered":"https:\/\/mobyx.rs\/?page_id=17"},"modified":"2025-10-13T17:34:16","modified_gmt":"2025-10-13T17:34:16","slug":"cart","status":"publish","type":"page","link":"https:\/\/mobyx.rs\/?page_id=17","title":{"rendered":"Cart"},"content":{"rendered":"\t\t<div data-elementor-type=\"wp-page\" data-elementor-id=\"17\" class=\"elementor elementor-17\" data-elementor-post-type=\"page\">\n\t\t\t\t<div class=\"elementor-element elementor-element-f92ed66 e-flex e-con-boxed e-con e-parent\" data-id=\"f92ed66\" data-element_type=\"container\">\n\t\t\t\t\t<div class=\"e-con-inner\">\n\t\t\t\t<div class=\"elementor-element elementor-element-76e2d7d e-cart-layout-one-column elementor-widget elementor-widget-woocommerce-cart\" data-id=\"76e2d7d\" data-element_type=\"widget\" data-widget_type=\"woocommerce-cart.default\">\n\t\t\t\t<div class=\"elementor-widget-container\">\n\t\t\t\t\t<div class=\"woocommerce\"><div class=\"woocommerce-notices-wrapper\"><\/div><div class=\"wc-empty-cart-message\">\n\t<div class=\"cart-empty woocommerce-info\">\n\t\tYour cart is currently empty.\t<\/div>\n<\/div>\t<p class=\"return-to-shop\">\n\t\t<a class=\"button wc-backward\" href=\"https:\/\/mobyx.rs\/?page_id=16\">\n\t\t\tReturn to shop\t\t<\/a>\n\t<\/p>\n<\/div>\t\t\t\t<\/div>\n\t\t\t\t<\/div>\n\t\t\t\t\t<\/div>\n\t\t\t\t<\/div>\n\t\t<div class=\"elementor-element elementor-element-7b00e080 e-flex e-con-boxed e-con e-parent\" data-id=\"7b00e080\" data-element_type=\"container\">\n\t\t\t\t\t<div class=\"e-con-inner\">\n\t\t\t\t\t<\/div>\n\t\t\t\t<\/div>\n\t\t\t\t<\/div>\n\t\t","protected":false},"excerpt":{"rendered":"<p>Remove item Thumbnail image Product Price Quantity Subtotal &times; Maska za Samsung A50 1.500&nbsp;&#1088;&#1089;&#1076; Maska za Samsung A50 quantity 15.000&nbsp;&#1088;&#1089;&#1076; &times; XIAOMI Mi In-Ear slu\u0161alice Basic 3.5mm sa mic.CRNE 1.200&nbsp;&#1088;&#1089;&#1076; XIAOMI Mi In-Ear slu\u0161alice Basic 3.5mm sa mic.CRNE quantity 1.200&nbsp;&#1088;&#1089;&#1076; &times; DENMEN DR01 Slu\u0161alice- handsfree 3,5mm sa mikrofonom BELE 800&nbsp;&#1088;&#1089;&#1076; DENMEN DR01 Slu\u0161alice- handsfree 3,5mm&#8230; <\/p>\n<div><a class=\"more-link btn btn-primary main-btn ml-3 mb-3\" href=\"https:\/\/mobyx.rs\/?page_id=17\">Read More<\/a><\/div>\n","protected":false},"author":1,"featured_media":0,"parent":0,"menu_order":0,"comment_status":"closed","ping_status":"closed","template":"","meta":{"footnotes":""},"class_list":["post-17","page","type-page","status-publish","hentry"],"_links":{"self":[{"href":"https:\/\/mobyx.rs\/index.php?rest_route=\/wp\/v2\/pages\/17","targetHints":{"allow":["GET"]}}],"collection":[{"href":"https:\/\/mobyx.rs\/index.php?rest_route=\/wp\/v2\/pages"}],"about":[{"href":"https:\/\/mobyx.rs\/index.php?rest_route=\/wp\/v2\/types\/page"}],"author":[{"embeddable":true,"href":"https:\/\/mobyx.rs\/index.php?rest_route=\/wp\/v2\/users\/1"}],"replies":[{"embeddable":true,"href":"https:\/\/mobyx.rs\/index.php?rest_route=%2Fwp%2Fv2%2Fcomments&post=17"}],"version-history":[{"count":10,"href":"https:\/\/mobyx.rs\/index.php?rest_route=\/wp\/v2\/pages\/17\/revisions"}],"predecessor-version":[{"id":2888,"href":"https:\/\/mobyx.rs\/index.php?rest_route=\/wp\/v2\/pages\/17\/revisions\/2888"}],"wp:attachment":[{"href":"https:\/\/mobyx.rs\/index.php?rest_route=%2Fwp%2Fv2%2Fmedia&parent=17"}],"curies":[{"name":"wp","href":"https:\/\/api.w.org\/{rel}","templated":true}]}}